{"id":8,"date":"2015-09-10T13:37:41","date_gmt":"2015-09-10T13:37:41","guid":{"rendered":"http:\/\/sitgesbalboabeach.com\/?page_id=8"},"modified":"2026-02-23T12:59:58","modified_gmt":"2026-02-23T12:59:58","slug":"1-2","status":"publish","type":"page","link":"https:\/\/sitgesbalboabeach.com\/es\/","title":{"rendered":"HOME"},"content":{"rendered":"\n<blockquote class=\"wp-block-quote\">\n<p class=\"has-text-align-center\">Save the date<\/p>\n\n\n\n<p class=\"has-text-align-center has-large-font-size\">23 &#8211; 26 de ABRIL, 2026<\/p>\n\n\n\n<div class=\"is-style-circular cpfg-countdown cpfg-digits-light cpfg-border-light cpfg-elementsCount-4 cpfg-borderwidth-3\" style=\"font-size:55px\" data-datetime=\"2026-04-23 19:00\" data-message=\"\" data-days=\"true\" data-hours=\"true\" data-minutes=\"true\" data-seconds=\"true\" data-animation=\"none\" data-borderwidth=\"3\"><div class=\"cpfg-counter cpfg-days\"><div class=\"cpfg-canvas\" style=\"background-color:none\"><span class=\"cpfg-digits\">0<\/span><span class=\"cpfg-label\">Days<\/span><\/div><\/div><div class=\"cpfg-counter cpfg-hours\"><div class=\"cpfg-canvas\" style=\"background-color:none\"><span class=\"cpfg-digits\">0<\/span><span class=\"cpfg-label\">Hours<\/span><\/div><\/div><div class=\"cpfg-counter cpfg-minutes\"><div class=\"cpfg-canvas\" style=\"background-color:none\"><span class=\"cpfg-digits\">0<\/span><span class=\"cpfg-label\">Minutes<\/span><\/div><\/div><div class=\"cpfg-counter cpfg-seconds\"><div class=\"cpfg-canvas\" style=\"background-color:none\"><span class=\"cpfg-digits\">0<\/span><span class=\"cpfg-label\">Seconds<\/span><\/div><\/div><\/div>\n\n\n\n<p class=\"has-text-align-center\">&#8212; SBB26 Balboa only balboa &#8212;<\/p>\n\n\n\n<p class=\"has-text-align-center has-medium-font-size\"><strong>\u00a1Sandy vuelve como Maestro de Ceremonias en SBB.26!<\/strong><\/p>\n\n\n<div class=\"wp-block-image\">\n<figure class=\"aligncenter size-full\"><a href=\"https:\/\/sitgesbalboabeach.com\/wp-content\/uploads\/2025\/09\/SBB2026-mc-1-1.jpg\"><img decoding=\"async\" loading=\"lazy\" width=\"340\" height=\"340\" src=\"https:\/\/sitgesbalboabeach.com\/wp-content\/uploads\/2025\/09\/SBB2026-mc-1-1.jpg\" alt=\"\" class=\"wp-image-6616\" srcset=\"https:\/\/sitgesbalboabeach.com\/wp-content\/uploads\/2025\/09\/SBB2026-mc-1-1.jpg 340w, https:\/\/sitgesbalboabeach.com\/wp-content\/uploads\/2025\/09\/SBB2026-mc-1-1-300x300.jpg 300w, https:\/\/sitgesbalboabeach.com\/wp-content\/uploads\/2025\/09\/SBB2026-mc-1-1-150x150.jpg 150w, https:\/\/sitgesbalboabeach.com\/wp-content\/uploads\/2025\/09\/SBB2026-mc-1-1-75x75.jpg 75w\" sizes=\"(max-width: 340px) 100vw, 340px\" \/><\/a><\/figure><\/div>\n\n\n<p class=\"has-text-align-center\">Nos alegra anunciar que <strong>Sandy, una vez m\u00e1s<\/strong>, ser\u00e1 la encargada de poner voz, ritmo y energ\u00eda al <strong>Sitges Balboa Beach Festival 2026<\/strong>.<br>Tras el \u00e9xito en ediciones anteriores, regresa para guiarnos durante todo el fin de semana: presentando a los profesores, animando nuestras fiestas y asegur\u00e1ndose de que cada momento sea inolvidable.<\/p>\n\n\n\n<p class=\"has-text-align-center\">Con su carisma, simpat\u00eda y pasi\u00f3n por el swing, Sandy sabe crear un ambiente \u00fanico que conecta a todo el p\u00fablico y convierte cada instante en especial.<\/p>\n<\/blockquote>\n","protected":false},"excerpt":{"rendered":"","protected":false},"author":2,"featured_media":0,"parent":0,"menu_order":0,"comment_status":"closed","ping_status":"closed","template":"","meta":[],"acf":[],"_links":{"self":[{"href":"https:\/\/sitgesbalboabeach.com\/es\/wp-json\/wp\/v2\/pages\/8"}],"collection":[{"href":"https:\/\/sitgesbalboabeach.com\/es\/wp-json\/wp\/v2\/pages"}],"about":[{"href":"https:\/\/sitgesbalboabeach.com\/es\/wp-json\/wp\/v2\/types\/page"}],"author":[{"embeddable":true,"href":"https:\/\/sitgesbalboabeach.com\/es\/wp-json\/wp\/v2\/users\/2"}],"replies":[{"embeddable":true,"href":"https:\/\/sitgesbalboabeach.com\/es\/wp-json\/wp\/v2\/comments?post=8"}],"version-history":[{"count":142,"href":"https:\/\/sitgesbalboabeach.com\/es\/wp-json\/wp\/v2\/pages\/8\/revisions"}],"predecessor-version":[{"id":6976,"href":"https:\/\/sitgesbalboabeach.com\/es\/wp-json\/wp\/v2\/pages\/8\/revisions\/6976"}],"wp:attachment":[{"href":"https:\/\/sitgesbalboabeach.com\/es\/wp-json\/wp\/v2\/media?parent=8"}],"curies":[{"name":"wp","href":"https:\/\/api.w.org\/{rel}","templated":true}]}}