{"id":5486,"date":"2023-09-26T17:24:56","date_gmt":"2023-09-26T17:24:56","guid":{"rendered":"https:\/\/sitgesbalboabeach.com\/es\/tarifes-i-registre-sbb24"},"modified":"2026-02-23T12:39:41","modified_gmt":"2026-02-23T12:39:41","slug":"tarifes-i-registre-sbb24","status":"publish","type":"page","link":"https:\/\/sitgesbalboabeach.com\/es\/tarifes-i-registre-sbb24","title":{"rendered":"TARIFAS Y REGISTRO"},"content":{"rendered":"\n<p class=\"has-vivid-red-color has-text-color has-large-font-size\"><strong>Festival completo!<\/strong><\/p>\n\n\n<div id=\"awsm-team-5484\" class=\"awsm-grid-wrapper\">\n\t\t\n\t<div class=\"awsm-modal\">\n\t\t\t<div class=\"awsm-grid-modal awsm-grid modal-style style-1 grid-2-col \">\n\t\t\t\t\t\t<div id=\"awsm-member-5484-3170\" class=\"awsm-grid-card awsm-team-item awsm-scale-anm awsm-all\">\n\t\t\t\t\t<span id=\"tigger-style-5484-3170\" class=\"awsm-team-link-control awsm-modal-trigger awsm-modal-trigger-3170\" data-trigger=\"#modal-style-5484-3170\">\n\t\t\t\t\t\t<figure>\n\t\t\t\t\t\t\t<img width=\"500\" height=\"500\" src=\"https:\/\/sitgesbalboabeach.com\/wp-content\/uploads\/2019\/11\/fullpass.jpg\" class=\"attachment-awsm_team size-awsm_team wp-post-image\" alt=\"\" decoding=\"async\" loading=\"lazy\" \/>\t\t\t\t\t\t\t<figcaption>\n\t\t\t\t\t\t\t\t<div class=\"awsm-personal-info\"><span>\u00a1D\u00e9jate la suela del zapato!<\/span><h3>FULL PASS<\/h3><\/div>\t\t\t\t\t\t\t<\/figcaption>\n\t\t\t\t\t\t<\/figure>\n\t\t\t\t\t<\/span>\n\t\t\t\t<\/div>\n\t\t\t\t\t\t\t<div id=\"awsm-member-5484-3166\" class=\"awsm-grid-card awsm-team-item awsm-scale-anm awsm-all\">\n\t\t\t\t\t<span id=\"tigger-style-5484-3166\" class=\"awsm-team-link-control awsm-modal-trigger awsm-modal-trigger-3166\" data-trigger=\"#modal-style-5484-3166\">\n\t\t\t\t\t\t<figure>\n\t\t\t\t\t\t\t<img width=\"500\" height=\"500\" src=\"https:\/\/sitgesbalboabeach.com\/wp-content\/uploads\/2019\/11\/partypass.jpg\" class=\"attachment-awsm_team size-awsm_team wp-post-image\" alt=\"\" decoding=\"async\" loading=\"lazy\" \/>\t\t\t\t\t\t\t<figcaption>\n\t\t\t\t\t\t\t\t<div class=\"awsm-personal-info\"><span>\u00a1Ponte tus mejores galas y disfruta de las fiestas por la noche!<\/span><h3>PARTY PASS<\/h3><\/div>\t\t\t\t\t\t\t<\/figcaption>\n\t\t\t\t\t\t<\/figure>\n\t\t\t\t\t<\/span>\n\t\t\t\t<\/div>\n\t\t\t\t\t<\/div>\n\t\t<div class=\"awsm-modal-items modal-style style-1 grid-2-col \">\n\t\t\t<span class=\"awsm-team-link-control awsm-modal-close\"><\/span>\n\t\t\t<div class=\"awsm-modal-items-main\">\n\t\t\t\t<span class=\"awsm-team-link-control awsm-nav-item awsm-nav-left\"><\/span>\n\t\t\t\t\t<div id=\"modal-style-5484-3170\" class=\"awsm-modal-item awsm-scale-anm awsm-modal-hidden awsm-all \" data-info=\"3170\">\n\t<div id=\"awsm-member-info-5484-3170\" class=\"awsm-modal-content\">\n\t\t<div class=\"awsm-modal-content-main\">\n\t\t\t<div class=\"awsm-image-main\">\n\t\t\t\t<img width=\"500\" height=\"500\" src=\"https:\/\/sitgesbalboabeach.com\/wp-content\/uploads\/2019\/11\/fullpass.jpg\" class=\"attachment-awsm_team size-awsm_team wp-post-image\" alt=\"\" decoding=\"async\" loading=\"lazy\" \/>\t\t\t<\/div>\n\t\t\t<div class=\"awsm-modal-details\">\n\t\t\t\t<div class=\"awsm-modal-content-inner\">\n\t\t\t\t\t<h3>\u00a1D\u00e9jate la suela del zapato!<\/h3><h2>FULL PASS<\/h2>\n<div class=\"wp-block-group is-layout-constrained\"><div class=\"wp-block-group__inner-container\">\n<div class=\"wp-block-group is-layout-constrained\"><div class=\"wp-block-group__inner-container\">\n<ul>\n<li><strong>6 h. de clase de Balboa con professores internacionales<\/strong><\/li>\n\n\n\n<li><strong>1 h. slow bal taster<\/strong><\/li>\n\n\n\n<li><strong>3 h. especial <em>workshop free Sandy &amp; Fancy<\/em><\/strong><\/li>\n\n\n\n<li><strong>Strictly competition, cash prizes<\/strong><\/li>\n\n\n\n<li><strong>conferencia Bobby White<\/strong><\/li>\n\n\n\n<li><strong>4 fiestas con m\u00fasica en directo <\/strong> <\/li>\n<\/ul>\n\n\n\n<blockquote class=\"wp-block-quote has-text-align-left is-style-default has-black-color has-text-color\">\n<p><\/p>\n<cite><strong>225 \u20ac\/persona <\/strong><\/cite><\/blockquote>\n\n\n\n<blockquote class=\"wp-block-quote has-text-align-left is-style-default has-vivid-red-color has-text-color\">\n<p class=\"has-small-font-size\"><strong>Festival completo!<\/strong><\/p>\n<\/blockquote>\n\n\n\n<div class=\"wp-block-button\"><a class=\"wp-block-button__link has-luminous-vivid-amber-color has-text-color has-background wp-element-button\" style=\"background-color:#335c74\">COMPLETO<\/a><\/div>\n\n\n\n<hr class=\"wp-block-separator has-alpha-channel-opacity\"\/>\n\n\n\n<p class=\"has-medium-font-size\"><strong><mark style=\"background-color:#fcb900\" class=\"has-inline-color\">\u00a1Descuento para Grupos en el Full Pass del Festival!<\/mark><\/strong><\/p>\n\n\n\n<p><strong>210 \u20ac\/persona<\/strong><\/p>\n\n\n\n<ul>\n<li>El grupo debe estar formado por un m\u00ednimo de <strong>5 parejas.<\/strong><\/li>\n\n\n\n<li>Una persona del grupo debe <strong>enviar un email previo<\/strong>&nbsp;indicando <strong>nombre del grupo<\/strong>&nbsp;y <strong>n\u00famero de parejas<\/strong>.<\/li>\n\n\n\n<li>Una vez enviado, <strong>no se podr\u00e1n a\u00f1adir m\u00e1s parejas<\/strong>&nbsp;(deber\u00e1n crear otro grupo).<\/li>\n\n\n\n<li>Todos los miembros deben <strong>inscribirse en el formulario<\/strong>&nbsp;en <strong>una semana<\/strong>, indicando el <strong>nombre del grupo<\/strong>.<\/li>\n\n\n\n<li>Luego recibir\u00e1n el <strong>enlace de pago<\/strong>, que deber\u00e1 completarse en el <strong>plazo de una semana<\/strong>.<\/li>\n\n\n\n<li>El descuento solo se aplica si <strong>todos pagan dentro del plazo<\/strong>.<\/li>\n<\/ul>\n\n\n\n<p>\u00a1No pierdas la oportunidad de vivir esta experiencia completa junto a tus amigos y disfrutar de un festival inolvidable!<\/p>\n\n\n\n<p class=\"has-medium-font-size\"><mark style=\"background-color:#fcb900\" class=\"has-inline-color has-black-color\"><strong><strong>Selecci\u00f3n de <\/strong>nivel<strong> de baile<\/strong><\/strong> <\/mark><\/p>\n\n\n\n<p>para garantizar una experiencia adecuada a tu nivel, por favor selecciona el nivel que m\u00e1s se ajuste a tus habilidades actuales. Lee cuidadosamente cada descripci\u00f3n y selecciona la que mejor te describa:<\/p>\n\n\n\n<ul>\n<li><strong>Intermedio Avanzado <\/strong>: bailas de forma regular y ya dominas una amplia variedad de movimientos y estilos. Te sientes c\u00f3modo\/a en la mayor\u00eda de los ritmos y situaciones, pero buscas perfeccionar tu&nbsp;t\u00e9cnica y aprender combinaciones m\u00e1s desafiantes.<\/li>\n<\/ul>\n\n\n\n<ul>\n<li><strong>Avanzado: <\/strong>tienes un control total sobre tu t\u00e9cnica y te sientes c\u00f3modo\/a con la improvisaci\u00f3n y la&nbsp;musicalidad. Eres capaz de adaptarte a cualquier ritmo o estilo sin dificultad, y puedes a\u00f1adir variaciones y adornos a tus movimientos. Eres un bailar\u00edn con experiencia, tanto&nbsp;en clases como en pistas de baile, y te desenvuelves con confianza en situaciones&nbsp;desafiantes.<\/li>\n<\/ul>\n\n\n\n<ul>\n<li><strong>Avanzado Plus: <\/strong>eres un bailar\u00edn altamente experimentado, capaz de dominar tanto la t\u00e9cnica avanzada como los elementos creativos e improvisados del baile. En este nivel, ya eres capaz de&nbsp;disfrutar y compartir tu experiencia con otros, y constantemente buscas nuevos retos para mejorar tu estilo personal. La musicalidad, el estilo y la conexi\u00f3n con tu pareja son&nbsp;impecables en casi cualquier situaci\u00f3n.<\/li>\n\n\n\n<li><strong>Master: <\/strong>este nivel est\u00e1 pensado para bailarines experimentados&nbsp;que llevan a\u00f1os disfrutando del Balboa en festivales nacionales e internacionales, que han ganado alguna competici\u00f3n&nbsp;o incluso imparten clases.&nbsp;Nuestro objetivo con este grupo es crear un punto de encuentro para bailarines de Balboa con experiencia.&nbsp;<\/li>\n<\/ul>\n<\/div><\/div>\n<\/div><\/div>\n<div class=\"awsm-social-icons\"><\/div>\t\t\t\t<\/div>\n\t\t\t<\/div>\n\t\t<\/div>\n\t<\/div>\n<\/div>\n<div id=\"modal-style-5484-3166\" class=\"awsm-modal-item awsm-scale-anm awsm-modal-hidden awsm-all \" data-info=\"3166\">\n\t<div id=\"awsm-member-info-5484-3166\" class=\"awsm-modal-content\">\n\t\t<div class=\"awsm-modal-content-main\">\n\t\t\t<div class=\"awsm-image-main\">\n\t\t\t\t<img width=\"500\" height=\"500\" src=\"https:\/\/sitgesbalboabeach.com\/wp-content\/uploads\/2019\/11\/partypass.jpg\" class=\"attachment-awsm_team size-awsm_team wp-post-image\" alt=\"\" decoding=\"async\" loading=\"lazy\" \/>\t\t\t<\/div>\n\t\t\t<div class=\"awsm-modal-details\">\n\t\t\t\t<div class=\"awsm-modal-content-inner\">\n\t\t\t\t\t<h3>\u00a1Ponte tus mejores galas y disfruta de las fiestas por la noche!<\/h3><h2>PARTY PASS<\/h2>\n<p><\/p>\n\n\n\n<ul>\n<li><strong>4 fiestas con m\u00fasica en directo<\/strong><\/li>\n\n\n\n<li><strong>1 h. slow bal taster<\/strong><\/li>\n\n\n\n<li><strong>3 h. especial&nbsp;<em>workshop free Sandy &amp; Fancy<\/em><\/strong><\/li>\n\n\n\n<li><strong>Strictly competition, cash prizes<\/strong><\/li>\n\n\n\n<li><strong>Conferencia Bobby White<\/strong><\/li>\n<\/ul>\n\n\n\n<div class=\"wp-block-button\"><a class=\"wp-block-button__link has-luminous-vivid-amber-color has-text-color has-background wp-element-button\" style=\"background-color:#335c74\"><strong>SOLD OUT<\/strong><\/a><\/div>\n\t\t\t\t<\/div>\n\t\t\t<\/div>\n\t\t<\/div>\n\t<\/div>\n<\/div>\n\t\t\t\t<span class=\"awsm-team-link-control awsm-nav-item awsm-nav-right\"><\/span>\n\t\t\t   <\/div>\n\t\t<\/div>\n\t\t<\/div>\n<\/div>\n\n\n\n\n<p class=\"has-text-align-center has-large-font-size\"><strong>Completa tu registro con estas opciones: <\/strong><\/p>\n\n\n\n<div style=\"height:48px\" aria-hidden=\"true\" class=\"wp-block-spacer\"><\/div>\n\n\n\n<div class=\"wp-block-columns is-layout-flex wp-container-4\">\n<div class=\"wp-block-column is-layout-flow\">\n<figure class=\"wp-block-image size-full\"><a href=\"https:\/\/sitgesbalboabeach.com\/wp-content\/uploads\/2024\/09\/SBB2026-sandy-fancy.jpg\"><img decoding=\"async\" loading=\"lazy\" width=\"340\" height=\"340\" src=\"https:\/\/sitgesbalboabeach.com\/wp-content\/uploads\/2024\/09\/SBB2026-sandy-fancy.jpg\" alt=\"\" class=\"wp-image-6842\" srcset=\"https:\/\/sitgesbalboabeach.com\/wp-content\/uploads\/2024\/09\/SBB2026-sandy-fancy.jpg 340w, https:\/\/sitgesbalboabeach.com\/wp-content\/uploads\/2024\/09\/SBB2026-sandy-fancy-300x300.jpg 300w, https:\/\/sitgesbalboabeach.com\/wp-content\/uploads\/2024\/09\/SBB2026-sandy-fancy-150x150.jpg 150w, https:\/\/sitgesbalboabeach.com\/wp-content\/uploads\/2024\/09\/SBB2026-sandy-fancy-75x75.jpg 75w\" sizes=\"(max-width: 340px) 100vw, 340px\" \/><\/a><\/figure>\n<\/div>\n\n\n\n<div class=\"wp-block-column is-layout-flow\">\n<figure class=\"wp-block-image size-full\"><a href=\"https:\/\/sitgesbalboabeach.com\/wp-content\/uploads\/2025\/11\/SBB2026-slowbal-1.jpg\"><img decoding=\"async\" loading=\"lazy\" width=\"800\" height=\"800\" src=\"https:\/\/sitgesbalboabeach.com\/wp-content\/uploads\/2025\/11\/SBB2026-slowbal-1.jpg\" alt=\"\" class=\"wp-image-6848\" srcset=\"https:\/\/sitgesbalboabeach.com\/wp-content\/uploads\/2025\/11\/SBB2026-slowbal-1.jpg 800w, https:\/\/sitgesbalboabeach.com\/wp-content\/uploads\/2025\/11\/SBB2026-slowbal-1-300x300.jpg 300w, https:\/\/sitgesbalboabeach.com\/wp-content\/uploads\/2025\/11\/SBB2026-slowbal-1-150x150.jpg 150w, https:\/\/sitgesbalboabeach.com\/wp-content\/uploads\/2025\/11\/SBB2026-slowbal-1-768x768.jpg 768w, https:\/\/sitgesbalboabeach.com\/wp-content\/uploads\/2025\/11\/SBB2026-slowbal-1-75x75.jpg 75w, https:\/\/sitgesbalboabeach.com\/wp-content\/uploads\/2025\/11\/SBB2026-slowbal-1-500x500.jpg 500w\" sizes=\"(max-width: 800px) 100vw, 800px\" \/><\/a><\/figure>\n<\/div>\n\n\n\n<div class=\"wp-block-column is-layout-flow\">\n<figure class=\"wp-block-image size-full\"><a href=\"https:\/\/sitgesbalboabeach.com\/wp-content\/uploads\/2025\/11\/SBB2026-trictly-competition-.jpg\"><img decoding=\"async\" loading=\"lazy\" width=\"800\" height=\"800\" src=\"https:\/\/sitgesbalboabeach.com\/wp-content\/uploads\/2025\/11\/SBB2026-trictly-competition-.jpg\" alt=\"\" class=\"wp-image-6829\" srcset=\"https:\/\/sitgesbalboabeach.com\/wp-content\/uploads\/2025\/11\/SBB2026-trictly-competition-.jpg 800w, https:\/\/sitgesbalboabeach.com\/wp-content\/uploads\/2025\/11\/SBB2026-trictly-competition--300x300.jpg 300w, https:\/\/sitgesbalboabeach.com\/wp-content\/uploads\/2025\/11\/SBB2026-trictly-competition--150x150.jpg 150w, https:\/\/sitgesbalboabeach.com\/wp-content\/uploads\/2025\/11\/SBB2026-trictly-competition--768x768.jpg 768w, https:\/\/sitgesbalboabeach.com\/wp-content\/uploads\/2025\/11\/SBB2026-trictly-competition--75x75.jpg 75w, https:\/\/sitgesbalboabeach.com\/wp-content\/uploads\/2025\/11\/SBB2026-trictly-competition--500x500.jpg 500w\" sizes=\"(max-width: 800px) 100vw, 800px\" \/><\/a><\/figure>\n<\/div>\n<\/div>\n\n\n\n<div class=\"wp-block-columns is-layout-flex wp-container-7\">\n<div class=\"wp-block-column is-layout-flow\"><div class=\"wp-block-image\">\n<figure class=\"aligncenter size-full is-resized\"><a href=\"https:\/\/sitgesbalboabeach.com\/wp-content\/uploads\/2026\/01\/SBB2026-lindyhop-soldout-1.jpg\"><img decoding=\"async\" loading=\"lazy\" src=\"https:\/\/sitgesbalboabeach.com\/wp-content\/uploads\/2026\/01\/SBB2026-lindyhop-soldout-1.jpg\" alt=\"\" class=\"wp-image-6910\" width=\"358\" height=\"358\" srcset=\"https:\/\/sitgesbalboabeach.com\/wp-content\/uploads\/2026\/01\/SBB2026-lindyhop-soldout-1.jpg 550w, https:\/\/sitgesbalboabeach.com\/wp-content\/uploads\/2026\/01\/SBB2026-lindyhop-soldout-1-300x300.jpg 300w, https:\/\/sitgesbalboabeach.com\/wp-content\/uploads\/2026\/01\/SBB2026-lindyhop-soldout-1-150x150.jpg 150w, https:\/\/sitgesbalboabeach.com\/wp-content\/uploads\/2026\/01\/SBB2026-lindyhop-soldout-1-75x75.jpg 75w, https:\/\/sitgesbalboabeach.com\/wp-content\/uploads\/2026\/01\/SBB2026-lindyhop-soldout-1-500x500.jpg 500w\" sizes=\"(max-width: 358px) 100vw, 358px\" \/><\/a><\/figure><\/div><\/div>\n\n\n\n<div class=\"wp-block-column is-layout-flow\">\n<figure class=\"wp-block-image size-full is-resized\"><a href=\"https:\/\/sitgesbalboabeach.com\/wp-content\/uploads\/2025\/12\/SBB2026-paella-party-soldout-1.jpg\"><img decoding=\"async\" loading=\"lazy\" src=\"https:\/\/sitgesbalboabeach.com\/wp-content\/uploads\/2025\/12\/SBB2026-paella-party-soldout-1.jpg\" alt=\"\" class=\"wp-image-6895\" width=\"350\" height=\"350\" srcset=\"https:\/\/sitgesbalboabeach.com\/wp-content\/uploads\/2025\/12\/SBB2026-paella-party-soldout-1.jpg 500w, https:\/\/sitgesbalboabeach.com\/wp-content\/uploads\/2025\/12\/SBB2026-paella-party-soldout-1-300x300.jpg 300w, https:\/\/sitgesbalboabeach.com\/wp-content\/uploads\/2025\/12\/SBB2026-paella-party-soldout-1-150x150.jpg 150w, https:\/\/sitgesbalboabeach.com\/wp-content\/uploads\/2025\/12\/SBB2026-paella-party-soldout-1-75x75.jpg 75w\" sizes=\"(max-width: 350px) 100vw, 350px\" \/><\/a><\/figure>\n<\/div>\n<\/div>\n\n\n\n<div class=\"wp-block-buttons is-content-justification-center is-layout-flex wp-container-8\">\n<div class=\"wp-block-button\"><a class=\"wp-block-button__link has-luminous-vivid-amber-color has-text-color has-background wp-element-button\" href=\"https:\/\/sitgesbalboabeach.com\/wp-content\/uploads\/2024\/10\/condiciones-ESP.pdf\" style=\"background-color:#16335e\" target=\"_blank\" rel=\"noreferrer noopener\">T\u00c9RMINOS Y CONDICIONES<\/a><\/div>\n<\/div>\n","protected":false},"excerpt":{"rendered":"<p>Festival completo! Completa tu registro con estas opciones:<\/p>\n","protected":false},"author":2,"featured_media":0,"parent":0,"menu_order":0,"comment_status":"closed","ping_status":"closed","template":"","meta":[],"acf":[],"_links":{"self":[{"href":"https:\/\/sitgesbalboabeach.com\/es\/wp-json\/wp\/v2\/pages\/5486"}],"collection":[{"href":"https:\/\/sitgesbalboabeach.com\/es\/wp-json\/wp\/v2\/pages"}],"about":[{"href":"https:\/\/sitgesbalboabeach.com\/es\/wp-json\/wp\/v2\/types\/page"}],"author":[{"embeddable":true,"href":"https:\/\/sitgesbalboabeach.com\/es\/wp-json\/wp\/v2\/users\/2"}],"replies":[{"embeddable":true,"href":"https:\/\/sitgesbalboabeach.com\/es\/wp-json\/wp\/v2\/comments?post=5486"}],"version-history":[{"count":38,"href":"https:\/\/sitgesbalboabeach.com\/es\/wp-json\/wp\/v2\/pages\/5486\/revisions"}],"predecessor-version":[{"id":6967,"href":"https:\/\/sitgesbalboabeach.com\/es\/wp-json\/wp\/v2\/pages\/5486\/revisions\/6967"}],"wp:attachment":[{"href":"https:\/\/sitgesbalboabeach.com\/es\/wp-json\/wp\/v2\/media?parent=5486"}],"curies":[{"name":"wp","href":"https:\/\/api.w.org\/{rel}","templated":true}]}}