{"id":5225,"date":"2023-09-19T16:51:21","date_gmt":"2023-09-19T16:51:21","guid":{"rendered":"https:\/\/sitgesbalboabeach.com\/es\/localitzacio-sbb-2024"},"modified":"2025-10-22T09:27:06","modified_gmt":"2025-10-22T09:27:06","slug":"localitzacio-sbb-2024","status":"publish","type":"page","link":"https:\/\/sitgesbalboabeach.com\/es\/localitzacio-sbb-2024","title":{"rendered":"LOCALIZACI\u00d3N"},"content":{"rendered":"\n<p class=\"has-text-align-center has-medium-font-size\"><strong><em>CASINO PRADO SUBURENSE<\/em><\/strong><\/p>\n\n\n\n<p class=\"has-text-align-center\"><a href=\"http:\/\/www.casinoprado.cat\" target=\"_blank\" rel=\"noreferrer noopener\" aria-label=\" www.casinoprado.cat  (abre en una nueva pesta\u00f1a)\"> www.casinoprado.cat <\/a><\/p>\n\n\n\n<p class=\"has-text-align-center\"><em>c\/ de Francesc Gum\u00e0, 6-14, 08870 Sitges, Barcelona <\/em><\/p>\n\n\n\n<figure class=\"wp-block-gallery has-nested-images columns-default is-cropped wp-block-gallery-1 is-layout-flex\">\n<figure class=\"wp-block-image\"><img decoding=\"async\" loading=\"lazy\" width=\"960\" height=\"393\" data-id=\"4592\"  src=\"https:\/\/sitgesbalboabeach.com\/wp-content\/uploads\/2022\/12\/Screenshot_20221109-123911_Chrome-1.jpg\" alt=\"\" class=\"wp-image-4592\" srcset=\"https:\/\/sitgesbalboabeach.com\/wp-content\/uploads\/2022\/12\/Screenshot_20221109-123911_Chrome-1.jpg 960w, https:\/\/sitgesbalboabeach.com\/wp-content\/uploads\/2022\/12\/Screenshot_20221109-123911_Chrome-1-300x123.jpg 300w, https:\/\/sitgesbalboabeach.com\/wp-content\/uploads\/2022\/12\/Screenshot_20221109-123911_Chrome-1-768x314.jpg 768w\" sizes=\"(max-width: 960px) 100vw, 960px\" \/><\/figure>\n\n\n\n<figure class=\"wp-block-image size-large\"><img decoding=\"async\" loading=\"lazy\" width=\"1024\" height=\"622\" data-id=\"5982\"  src=\"https:\/\/sitgesbalboabeach.com\/wp-content\/uploads\/2024\/06\/20240430_190338-1024x622.jpg\" alt=\"\" class=\"wp-image-5982\" srcset=\"https:\/\/sitgesbalboabeach.com\/wp-content\/uploads\/2024\/06\/20240430_190338-1024x622.jpg 1024w, https:\/\/sitgesbalboabeach.com\/wp-content\/uploads\/2024\/06\/20240430_190338-300x182.jpg 300w, https:\/\/sitgesbalboabeach.com\/wp-content\/uploads\/2024\/06\/20240430_190338-768x466.jpg 768w, https:\/\/sitgesbalboabeach.com\/wp-content\/uploads\/2024\/06\/20240430_190338-1536x933.jpg 1536w, https:\/\/sitgesbalboabeach.com\/wp-content\/uploads\/2024\/06\/20240430_190338-1140x692.jpg 1140w, https:\/\/sitgesbalboabeach.com\/wp-content\/uploads\/2024\/06\/20240430_190338.jpg 1780w\" sizes=\"(max-width: 1024px) 100vw, 1024px\" \/><\/figure>\n\n\n\n<figure class=\"wp-block-image size-full\"><img decoding=\"async\" loading=\"lazy\" width=\"800\" height=\"531\" data-id=\"5533\"  src=\"https:\/\/sitgesbalboabeach.com\/wp-content\/uploads\/2023\/10\/6133dbf8-7508-4f23-b785-41370c8a1666-1.jpg\" alt=\"\" class=\"wp-image-5533\" srcset=\"https:\/\/sitgesbalboabeach.com\/wp-content\/uploads\/2023\/10\/6133dbf8-7508-4f23-b785-41370c8a1666-1.jpg 800w, https:\/\/sitgesbalboabeach.com\/wp-content\/uploads\/2023\/10\/6133dbf8-7508-4f23-b785-41370c8a1666-1-300x199.jpg 300w, https:\/\/sitgesbalboabeach.com\/wp-content\/uploads\/2023\/10\/6133dbf8-7508-4f23-b785-41370c8a1666-1-768x510.jpg 768w\" sizes=\"(max-width: 800px) 100vw, 800px\" \/><\/figure>\n<\/figure>\n\n\n\n<hr class=\"wp-block-separator has-alpha-channel-opacity is-style-dots\"\/>\n\n\n\n<p><strong>CLASES:<\/strong><\/p>\n\n\n\n<ul>\n<li><strong>Sala 1, 2 ,3&nbsp;<\/strong>Casino Prado,&nbsp;<em>C\/ Francesc Gum\u00e0, 6, Sitges<\/em><\/li>\n\n\n\n<li><strong>Sala 4&nbsp;<\/strong>Hotel Medium, sala Mediterr\u00e0neo,&nbsp;<em>entrada por Angel Vidal,11, Sitges<\/em><\/li>\n<\/ul>\n\n\n\n<p><strong>FIESTAS:<\/strong><\/p>\n\n\n\n<ul>\n<li><strong>Todas las fiestas:&nbsp;<\/strong>Casino Prado,&nbsp;<em>c\/ Francesc Gum\u00e1, 6, Sitges<\/em><\/li>\n<\/ul>\n\n\n\n<hr class=\"wp-block-separator has-css-opacity\"\/>\n\n\n\n<h2 class=\"wp-block-heading\">RESERVA DE HABITACIONES:<\/h2>\n\n\n\n<p> MediumHotels &amp; Sitges Balboa Beach acuerdan:<\/p>\n\n\n\n<ul>\n<li>un 10% de descuento en el alojamiento de todos los participantes del SBB 2026. Los que est\u00e9n interesados se enviar\u00e1 un CODIGO PROMOCIONAL en el momento del registro del evento. La organizaci\u00f3n de SBB declina toda responsabilidad al booking de las habitaciones. <\/li>\n\n\n\n<li>La oferta se ofrece para los 3 hoteles de la cadena en Sitges.<\/li>\n<\/ul>\n\n\n\n<p class=\"has-text-align-left\"><a href=\"http:\/\/www.mediumhoteles.com\/\" target=\"_blank\" rel=\"noreferrer noopener\">www.mediumhoteles.com<\/a><\/p>\n\n\n\n<figure class=\"wp-block-image size-full\"><a href=\"https:\/\/sitgesbalboabeach.com\/wp-content\/uploads\/2025\/10\/acuerdo-de-hospedaje-1.jpg\"><img decoding=\"async\" loading=\"lazy\" width=\"800\" height=\"800\" src=\"https:\/\/sitgesbalboabeach.com\/wp-content\/uploads\/2025\/10\/acuerdo-de-hospedaje-1.jpg\" alt=\"\" class=\"wp-image-6706\" srcset=\"https:\/\/sitgesbalboabeach.com\/wp-content\/uploads\/2025\/10\/acuerdo-de-hospedaje-1.jpg 800w, https:\/\/sitgesbalboabeach.com\/wp-content\/uploads\/2025\/10\/acuerdo-de-hospedaje-1-300x300.jpg 300w, https:\/\/sitgesbalboabeach.com\/wp-content\/uploads\/2025\/10\/acuerdo-de-hospedaje-1-150x150.jpg 150w, https:\/\/sitgesbalboabeach.com\/wp-content\/uploads\/2025\/10\/acuerdo-de-hospedaje-1-768x768.jpg 768w, https:\/\/sitgesbalboabeach.com\/wp-content\/uploads\/2025\/10\/acuerdo-de-hospedaje-1-75x75.jpg 75w, https:\/\/sitgesbalboabeach.com\/wp-content\/uploads\/2025\/10\/acuerdo-de-hospedaje-1-500x500.jpg 500w\" sizes=\"(max-width: 800px) 100vw, 800px\" \/><\/a><\/figure>\n\n\n\n<hr class=\"wp-block-separator has-css-opacity\"\/>\n\n\n\n<p>Aqu\u00ed tienes las opciones principales para llegar desde el Aeropuerto de Barcelona (El Prat) hasta Sitges y sus costos orientativos:<\/p>\n\n\n\n<hr class=\"wp-block-separator has-alpha-channel-opacity\"\/>\n\n\n\n<p><strong>&nbsp;Autob\u00fas directo (Bus Garraf)<\/strong><\/p>\n\n\n\n<ul>\n<li>Hay autobuses directos<a href=\"https:\/\/busgarraf.cat\/es\/traslados-al-aeropuerto-barcelona-con-busgarraf\/\" data-type=\"URL\" data-id=\"https:\/\/busgarraf.cat\/es\/traslados-al-aeropuerto-barcelona-con-busgarraf\/\"> BusGarraf<\/a>, que conectan la Terminal 1 del aeropuerto con Sitges. <\/li>\n\n\n\n<li>Precio aproximado: <strong>8,80 \u20ac<\/strong>&nbsp;por tramo. <a href=\"https:\/\/www.webarcelona.net\/es\/como-llegar-sitges-aeropuerto-barcelona-el-prat?utm_source=chatgpt.com\" target=\"_blank\" rel=\"noreferrer noopener\">Webarcelona<\/a><\/li>\n\n\n\n<li>Frecuencia: cada ~30 minutos. <a href=\"https:\/\/barcelona-bcn-airport.com\/es\/transportation\/airport-transfer-to-sitges\/?utm_source=chatgpt.com\" target=\"_blank\" rel=\"noreferrer noopener\">Barcelona Airport (BCN)<\/a><\/li>\n\n\n\n<li>Horarios: entre las 8:00 y las 22:50 (dependiendo del d\u00eda) <a href=\"https:\/\/barcelona-bcn-airport.com\/es\/transportation\/airport-transfer-to-sitges\/?utm_source=chatgpt.com\" target=\"_blank\" rel=\"noreferrer noopener\">Barcelona Airport (BCN)<\/a><\/li>\n\n\n\n<li>Duraci\u00f3n aproximada: unos 30-40 minutos. <a href=\"https:\/\/airporttransfer.com\/blog\/barcelona-airport-to-sitges?utm_source=chatgpt.com\" target=\"_blank\" rel=\"noreferrer noopener\">AirportTransfer.com+2Webarcelona+2<\/a><\/li>\n<\/ul>\n\n\n\n<hr class=\"wp-block-separator has-alpha-channel-opacity\"\/>\n\n\n\n<p><strong>Tren + transbordo<\/strong><\/p>\n\n\n\n<p>No hay tren directo desde el aeropuerto hasta Sitges, pero puedes combinar trenes con trasbordo:<\/p>\n\n\n\n<ul>\n<li>Desde la terminal T2 del aeropuerto, toma el <strong>tren de cercan\u00edas (Rodalies \/ Renfe)<\/strong>&nbsp;hacia El Prat de Llobregat. Luego cambia a la l\u00ednea <strong>R2 Sur<\/strong>&nbsp;en direcci\u00f3n a Sitges (o Vilanova). <a href=\"https:\/\/travel.stackexchange.com\/questions\/188639\/barcelona-airport-bcn-train-bus-to-sitges?utm_source=chatgpt.com\" target=\"_blank\" rel=\"noreferrer noopener\">Welcome Pickups+3Travel Stack Exchange+3Webarcelona+3<\/a><\/li>\n\n\n\n<li>Precio estimado de este trayecto combinado: ~ <strong>5,05 \u20ac<\/strong> <a href=\"https:\/\/www.webarcelona.net\/es\/como-llegar-sitges-aeropuerto-barcelona-el-prat?utm_source=chatgpt.com\" target=\"_blank\" rel=\"noreferrer noopener\">Webarcelona+2Welcome Pickups+2<\/a><\/li>\n\n\n\n<li>Duraci\u00f3n total: alrededor de 40-60 minutos, dependiendo del cambio. <a href=\"https:\/\/www.rome2rio.com\/s\/Barcelona-Airport-T1\/Sitges?utm_source=chatgpt.com\" target=\"_blank\" rel=\"noreferrer noopener\">Webarcelona+4Rome2Rio+4Rome2Rio+4<\/a><\/li>\n<\/ul>\n\n\n\n<hr class=\"wp-block-separator has-alpha-channel-opacity\"\/>\n\n\n\n<p><strong>Taxi \/ Uber \/ traslado privado<\/strong><\/p>\n\n\n\n<ul>\n<li>Taxi: coste estimado ~ <strong>75 \u20ac<\/strong>&nbsp;durante el d\u00eda. <a rel=\"noreferrer noopener\" href=\"https:\/\/barcelona-bcn-airport.com\/transportation\/airport-transfer-to-sitges\/?utm_source=chatgpt.com\" target=\"_blank\">Barcelona Airport (BCN)+2Rome2Rio+2<\/a><\/li>\n\n\n\n<li>Uber o servicio similar: unos <strong>75 \u20ac<\/strong>\u00a0de promedio. <a rel=\"noreferrer noopener\" href=\"https:\/\/www.uber.com\/global\/es-es\/r\/routes\/bcn-to-sitges-es-ct-es\/?utm_source=chatgpt.com\" target=\"_blank\">Uber+1<\/a><\/li>\n\n\n\n<li>Traslado privado reservado con antelaci\u00f3n: var\u00eda bastante, pero puede estar entre ~ 60-100 \u20ac o m\u00e1s, dependiendo del servicio. <a href=\"https:\/\/www.viator.com\/tours\/Barcelona\/Private-Transfer-by-Airport-Barcelona-to-Sitges\/d562-121098P17?utm_source=chatgpt.com\" target=\"_blank\" rel=\"noreferrer noopener\">Viator+1<\/a><\/li>\n<\/ul>\n\n\n\n<p>================================================================<\/p>\n\n\n<div id=\"wpgmza_map_1\" class=\"wpgmza_map wpgmza-auto-left\" style=\"display:block;width:100%;height:300px;overflow:hidden;position:relative;\" data-map-id=\"1\" data-maps-engine=\"google-maps\" data-build-engine=\"atlas-novus\" data-shortcode-attributes=\"{&quot;id&quot;:&quot;1&quot;,&quot;zoom&quot;:false,&quot;width&quot;:false,&quot;height&quot;:false,&quot;marker&quot;:false,&quot;classname&quot;:false}\" data-settings=\"{&quot;map_title&quot;:&quot;SITGES&quot;,&quot;map_width&quot;:&quot;100&quot;,&quot;map_height&quot;:&quot;300&quot;,&quot;map_start_lat&quot;:&quot;41.2378226&quot;,&quot;map_start_lng&quot;:&quot;1.810676&quot;,&quot;map_start_location&quot;:&quot;41.283206,1.9160180000000082&quot;,&quot;map_start_zoom&quot;:&quot;15&quot;,&quot;default_marker&quot;:&quot;0&quot;,&quot;type&quot;:&quot;1&quot;,&quot;alignment&quot;:&quot;2&quot;,&quot;directions_enabled&quot;:&quot;1&quot;,&quot;styling_enabled&quot;:&quot;0&quot;,&quot;styling_json&quot;:&quot;&quot;,&quot;active&quot;:&quot;0&quot;,&quot;kml&quot;:&quot;&quot;,&quot;bicycle&quot;:&quot;0&quot;,&quot;traffic&quot;:&quot;0&quot;,&quot;dbox&quot;:&quot;1&quot;,&quot;dbox_width&quot;:&quot;250&quot;,&quot;listmarkers&quot;:&quot;0&quot;,&quot;listmarkers_advanced&quot;:&quot;0&quot;,&quot;filterbycat&quot;:&quot;0&quot;,&quot;ugm_enabled&quot;:&quot;0&quot;,&quot;ugm_category_enabled&quot;:&quot;0&quot;,&quot;fusion&quot;:&quot;&quot;,&quot;map_width_type&quot;:&quot;%&quot;,&quot;map_height_type&quot;:&quot;px&quot;,&quot;mass_marker_support&quot;:&quot;1&quot;,&quot;ugm_access&quot;:&quot;0&quot;,&quot;order_markers_by&quot;:&quot;0&quot;,&quot;order_markers_choice&quot;:&quot;0&quot;,&quot;show_user_location&quot;:&quot;0&quot;,&quot;default_to&quot;:&quot;&quot;,&quot;store_locator_enabled&quot;:true,&quot;store_locator_distance&quot;:true,&quot;store_locator_default_radius&quot;:&quot;10&quot;,&quot;store_locator_not_found_message&quot;:&quot;&quot;,&quot;store_locator_bounce&quot;:1,&quot;store_locator_query_string&quot;:&quot;&quot;,&quot;store_locator_default_address&quot;:&quot;&quot;,&quot;wpgmza_store_locator_restrict&quot;:&quot;&quot;,&quot;store_locator_style&quot;:&quot;legacy&quot;,&quot;wpgmza_store_locator_radius_style&quot;:&quot;legacy&quot;,&quot;map_max_zoom&quot;:&quot;1&quot;,&quot;transport_layer&quot;:false,&quot;wpgmza_theme_data&quot;:&quot;&quot;,&quot;wpgmza_show_points_of_interest&quot;:1,&quot;action&quot;:&quot;wpgmza_save_map&quot;,&quot;redirect_to&quot;:&quot;\\\/wp-admin\\\/admin-post.php&quot;,&quot;map_id&quot;:&quot;1&quot;,&quot;http_referer&quot;:&quot;\\\/wp-admin\\\/admin.php?page=wp-google-maps-menu&amp;amp;action=edit&amp;amp;map_id=1&quot;,&quot;wpgmza_id&quot;:&quot;1&quot;,&quot;wpgmza_start_location&quot;:&quot;41.2378226,1.810676&quot;,&quot;wpgmza_start_zoom&quot;:&quot;15&quot;,&quot;store_locator_search_area&quot;:&quot;radial&quot;,&quot;wpgmza_store_locator_default_radius&quot;:&quot;10&quot;,&quot;store_locator_auto_area_max_zoom&quot;:&quot;&quot;,&quot;wpgmza_store_locator_position&quot;:false,&quot;store_locator_show_distance&quot;:false,&quot;store_locator_category&quot;:false,&quot;wpgmza_store_locator_use_their_location&quot;:false,&quot;wpgmza_store_locator_bounce&quot;:false,&quot;wpgmza_sl_animation&quot;:null,&quot;wpgmza_store_locator_hide_before_search&quot;:false,&quot;store_locator_location_placeholder&quot;:&quot;&quot;,&quot;store_locator_name_search&quot;:false,&quot;store_locator_name_string&quot;:&quot;&quot;,&quot;sl_stroke_color&quot;:&quot;&quot;,&quot;sl_stroke_opacity&quot;:&quot;&quot;,&quot;sl_fill_color&quot;:&quot;&quot;,&quot;sl_fill_opacity&quot;:&quot;&quot;,&quot;wpgmza_map_align&quot;:&quot;1&quot;,&quot;jump_to_nearest_marker_on_initialization&quot;:false,&quot;automatically_pan_to_users_location&quot;:false,&quot;override_users_location_zoom_level&quot;:false,&quot;override_users_location_zoom_levels&quot;:&quot;&quot;,&quot;show_distance_from_location&quot;:false,&quot;map_min_zoom&quot;:&quot;0&quot;,&quot;click_open_link&quot;:false,&quot;fit_maps_bounds_to_markers&quot;:false,&quot;fit_maps_bounds_to_markers_after_filtering&quot;:false,&quot;hide_point_of_interest&quot;:false,&quot;wpgmza_zoom_on_marker_click&quot;:false,&quot;wpgmza_zoom_on_marker_click_slider&quot;:&quot;&quot;,&quot;close_infowindow_on_map_click&quot;:false,&quot;disable_lightbox_images&quot;:false,&quot;use_Raw_Jpeg_Coordinates&quot;:false,&quot;polygon_labels&quot;:false,&quot;disable_polygon_info_windows&quot;:false,&quot;enable_marker_ratings&quot;:false,&quot;only_load_markers_within_viewport&quot;:false,&quot;iw_primary_color&quot;:&quot;#000000&quot;,&quot;iw_accent_color&quot;:&quot;#000000&quot;,&quot;iw_text_color&quot;:&quot;#000000&quot;,&quot;wpgmza_listmarkers_by&quot;:&quot;0&quot;,&quot;wpgmza_marker_listing_position&quot;:false,&quot;wpgmza_push_in_map&quot;:false,&quot;wpgmza_push_in_map_placement&quot;:null,&quot;wpgmza_push_in_map_width&quot;:&quot;&quot;,&quot;wpgmza_push_in_map_height&quot;:&quot;&quot;,&quot;zoom_level_on_marker_listing_override&quot;:false,&quot;zoom_level_on_marker_listing_click&quot;:&quot;&quot;,&quot;marker_listing_disable_zoom&quot;:false,&quot;datatable_no_result_message&quot;:&quot;&quot;,&quot;remove_search_box_datables&quot;:false,&quot;dataTable_pagination_style&quot;:null,&quot;datatable_search_string&quot;:&quot;&quot;,&quot;datatable_result_start&quot;:&quot;&quot;,&quot;datatable_result_of&quot;:&quot;&quot;,&quot;datatable_result_to&quot;:&quot;&quot;,&quot;datatable_result_total&quot;:&quot;&quot;,&quot;datatable_result_show&quot;:&quot;&quot;,&quot;datatable_result_entries&quot;:&quot;&quot;,&quot;wpgmza_savemap&quot;:&quot;Guardar Mapa&quot;,&quot;store_locator_component_anchor&quot;:&quot;0&quot;,&quot;store_locator_nearby_searches&quot;:false,&quot;custom_tile_enabled&quot;:false,&quot;custom_tile_image&quot;:&quot;&quot;,&quot;custom_tile_image_width&quot;:&quot;&quot;,&quot;custom_tile_image_height&quot;:&quot;&quot;,&quot;custom_tile_image_attribution&quot;:&quot;&quot;,&quot;marker_share_links&quot;:false,&quot;marker_listing_component_anchor&quot;:null,&quot;marker_listing_component_auto_open&quot;:false,&quot;category_filter_component_anchor&quot;:null,&quot;category_legends_enabled&quot;:false,&quot;category_legends_component_anchor&quot;:null,&quot;map_starts_in_streetview&quot;:false,&quot;map_starts_in_streetview_location&quot;:&quot;&quot;,&quot;map_starts_in_streetview_heading&quot;:&quot;&quot;,&quot;map_starts_in_streetview_pitch&quot;:&quot;&quot;,&quot;id&quot;:1}\" >\n<div class='wpgmza-inner-stack top'><div class=\"wpgmza-store-locator\" data-id=\"1\">\r\n\t<div class=\"wpgmza-address-container\">\r\n\t\t<label class=\"wpgmza-address\" data-name=\"addressLabel\">C\u00f3digo Postal \/ Direcci\u00f3n:<\/label>\r\n\t\t<input class=\"wpgmza-address\" type=\"text\" placeholder=\"Introducir una ubicaci\u00f3n\" autocomplete=\"off\" data-name=\"defaultAddress\" value=\"\">\r\n\t<\/div>\r\n\t\r\n\t<div class=\"wpgmza-radius-container\">\r\n\t\t<label class=\"wpgmza-radius\">\r\n\t\t\tRadio:\t\t<\/label>\r\n\t\t<select class=\"wpgmza-radius\"><option class=\"wpgmza-radius wpgmza_sl_select_option\" value=\"1\">1mi<\/option><option class=\"wpgmza-radius wpgmza_sl_select_option\" value=\"5\">5mi<\/option><option class=\"wpgmza-radius wpgmza_sl_select_option\" value=\"10\" selected>10mi<\/option><option class=\"wpgmza-radius wpgmza_sl_select_option\" value=\"25\">25mi<\/option><option class=\"wpgmza-radius wpgmza_sl_select_option\" value=\"50\">50mi<\/option><option class=\"wpgmza-radius wpgmza_sl_select_option\" value=\"75\">75mi<\/option><option class=\"wpgmza-radius wpgmza_sl_select_option\" value=\"100\">100mi<\/option><option class=\"wpgmza-radius wpgmza_sl_select_option\" value=\"150\">150mi<\/option><option class=\"wpgmza-radius wpgmza_sl_select_option\" value=\"200\">200mi<\/option><option class=\"wpgmza-radius wpgmza_sl_select_option\" value=\"300\">300mi<\/option><\/select>\r\n\t<\/div>\r\n\r\n\t<svg width=\"40\" height=\"40\" viewbox=\"0 0 59 59\" fill=\"none\" xmlns=\"http:\/\/www.w3.org\/2000\/svg\" class=\"wpgmza-search\" title=\"Buscar\">\r\n\t\t<line x1=\"40.5183\" y1=\"40.5685\" x2=\"53.5685\" y2=\"53.6188\" stroke-width=\"7\" stroke-linecap=\"round\"><\/line>\r\n\t\t<circle cx=\"24.5\" cy=\"24.5\" r=\"21\" stroke-width=\"7\"><\/circle>\r\n\t<\/svg>\r\n\r\n\t<svg width=\"40\" height=\"40\" viewbox=\"0 0 60 60\" fill=\"none\" xmlns=\"http:\/\/www.w3.org\/2000\/svg\" class=\"wpgmza-loading\">\r\n\t\t<mask id=\"path-1-inside-1\">\r\n\t\t\t<path d=\"M60 30C60 24.1471 58.2879 18.422 55.0747 13.53C51.8614 8.63797 47.2873 4.79275 41.9159 2.46799C36.5445 0.143228 30.6103 -0.55952 24.8445 0.446314C19.0786 1.45215 13.7329 4.12263 9.46589 8.12878L13.8401 12.7879C17.1982 9.6351 21.4051 7.53349 25.9427 6.74192C30.4803 5.95035 35.1503 6.5034 39.3775 8.33293C43.6047 10.1625 47.2044 13.1886 49.7332 17.0385C52.2619 20.8884 53.6093 25.3939 53.6093 30H60Z\"><\/path>\r\n\t\t<\/mask>\r\n\t\t<path d=\"M60 30C60 24.1471 58.2879 18.422 55.0747 13.53C51.8614 8.63797 47.2873 4.79275 41.9159 2.46799C36.5445 0.143228 30.6103 -0.55952 24.8445 0.446314C19.0786 1.45215 13.7329 4.12263 9.46589 8.12878L13.8401 12.7879C17.1982 9.6351 21.4051 7.53349 25.9427 6.74192C30.4803 5.95035 35.1503 6.5034 39.3775 8.33293C43.6047 10.1625 47.2044 13.1886 49.7332 17.0385C52.2619 20.8884 53.6093 25.3939 53.6093 30H60Z\" stroke-width=\"14\" stroke-linecap=\"round\" stroke-linejoin=\"round\" mask=\"url(#path-1-inside-1)\"><\/path>\r\n\t<\/svg>\r\n\r\n\r\n\t<svg width=\"40\" height=\"40\" viewbox=\"0 0 62 62\" fill=\"none\" xmlns=\"http:\/\/www.w3.org\/2000\/svg\" class=\"wpgmza-reset\">\r\n\t\t<line x1=\"4.94975\" y1=\"5\" x2=\"56.5685\" y2=\"56.6188\" stroke-width=\"7\" stroke-linecap=\"round\"><\/line>\r\n\t\t<line x1=\"5\" y1=\"56.6188\" x2=\"56.6188\" y2=\"5\" stroke-width=\"7\" stroke-linecap=\"round\"><\/line>\r\n\t<\/svg>\r\n\r\n\r\n\t\r\n\t<div class=\"wpgmza-error\"><\/div>\r\n<\/div><\/div><\/div>\n","protected":false},"excerpt":{"rendered":"<p>CASINO PRADO SUBURENSE www.casinoprado.cat c\/ de Francesc Gum\u00e0, 6-14, 08870 Sitges, Barcelona CLASES: FIESTAS: RESERVA DE HABITACIONES: MediumHotels &amp; Sitges Balboa Beach acuerdan: www.mediumhoteles.com Aqu\u00ed tienes las opciones principales para llegar desde el Aeropuerto de Barcelona (El Prat) hasta Sitges y sus costos orientativos: &nbsp;Autob\u00fas directo (Bus Garraf) Tren + transbordo No hay tren directo desde el aeropuerto hasta Sitges, pero puedes combinar trenes con trasbordo: Taxi \/ Uber \/ traslado privado ================================================================<\/p>\n","protected":false},"author":2,"featured_media":0,"parent":0,"menu_order":0,"comment_status":"closed","ping_status":"closed","template":"","meta":[],"acf":[],"_links":{"self":[{"href":"https:\/\/sitgesbalboabeach.com\/es\/wp-json\/wp\/v2\/pages\/5225"}],"collection":[{"href":"https:\/\/sitgesbalboabeach.com\/es\/wp-json\/wp\/v2\/pages"}],"about":[{"href":"https:\/\/sitgesbalboabeach.com\/es\/wp-json\/wp\/v2\/types\/page"}],"author":[{"embeddable":true,"href":"https:\/\/sitgesbalboabeach.com\/es\/wp-json\/wp\/v2\/users\/2"}],"replies":[{"embeddable":true,"href":"https:\/\/sitgesbalboabeach.com\/es\/wp-json\/wp\/v2\/comments?post=5225"}],"version-history":[{"count":24,"href":"https:\/\/sitgesbalboabeach.com\/es\/wp-json\/wp\/v2\/pages\/5225\/revisions"}],"predecessor-version":[{"id":6809,"href":"https:\/\/sitgesbalboabeach.com\/es\/wp-json\/wp\/v2\/pages\/5225\/revisions\/6809"}],"wp:attachment":[{"href":"https:\/\/sitgesbalboabeach.com\/es\/wp-json\/wp\/v2\/media?parent=5225"}],"curies":[{"name":"wp","href":"https:\/\/api.w.org\/{rel}","templated":true}]}}