{"id":5193,"date":"2023-09-07T15:47:54","date_gmt":"2023-09-07T15:47:54","guid":{"rendered":"https:\/\/sitgesbalboabeach.com\/es\/musica-sbb-2024"},"modified":"2025-10-14T17:46:47","modified_gmt":"2025-10-14T17:46:47","slug":"musica-sbb-2024","status":"publish","type":"page","link":"https:\/\/sitgesbalboabeach.com\/es\/musica-sbb-2024","title":{"rendered":"MUSICA"},"content":{"rendered":"\n<p><strong>M\u00fasica en Vivo en el Festival de Balboa<\/strong><\/p>\n\n\n\n<p>Disfruta de <strong>cuatro noches de m\u00fasica en directo<\/strong>&nbsp;con bandas especializadas en swing y jazz, creando el ambiente perfecto para bailar Balboa. Con un repertorio que va desde los cl\u00e1sicos del swing hasta temas ideales para el ritmo r\u00e1pido y fluido del Balboa, cada noche promete una experiencia inolvidable en la pista. <\/p>\n\n\n\n<p>\u00a1D\u00e9jate llevar por la energ\u00eda del jazz en vivo y sum\u00e9rgete en el aut\u00e9ntico esp\u00edritu del Balboa en nuestro festival!<\/p>\n\n\n\n<blockquote class=\"wp-block-quote\">\n<p class=\"has-text-align-center has-large-font-size\">JUEVES <strong>Welcome Party<\/strong><\/p>\n\n\n<div class=\"wp-block-image\">\n<figure class=\"aligncenter size-full\"><a href=\"https:\/\/sitgesbalboabeach.com\/wp-content\/uploads\/2025\/10\/SBB2026-music-Sunset-Rhythm-kings2-.jpg\"><img decoding=\"async\" loading=\"lazy\" width=\"800\" height=\"800\" src=\"https:\/\/sitgesbalboabeach.com\/wp-content\/uploads\/2025\/10\/SBB2026-music-Sunset-Rhythm-kings2-.jpg\" alt=\"\" class=\"wp-image-6626\" srcset=\"https:\/\/sitgesbalboabeach.com\/wp-content\/uploads\/2025\/10\/SBB2026-music-Sunset-Rhythm-kings2-.jpg 800w, https:\/\/sitgesbalboabeach.com\/wp-content\/uploads\/2025\/10\/SBB2026-music-Sunset-Rhythm-kings2--300x300.jpg 300w, https:\/\/sitgesbalboabeach.com\/wp-content\/uploads\/2025\/10\/SBB2026-music-Sunset-Rhythm-kings2--150x150.jpg 150w, https:\/\/sitgesbalboabeach.com\/wp-content\/uploads\/2025\/10\/SBB2026-music-Sunset-Rhythm-kings2--768x768.jpg 768w, https:\/\/sitgesbalboabeach.com\/wp-content\/uploads\/2025\/10\/SBB2026-music-Sunset-Rhythm-kings2--75x75.jpg 75w, https:\/\/sitgesbalboabeach.com\/wp-content\/uploads\/2025\/10\/SBB2026-music-Sunset-Rhythm-kings2--500x500.jpg 500w\" sizes=\"(max-width: 800px) 100vw, 800px\" \/><\/a><\/figure><\/div>\n\n\n<p class=\"has-text-align-center has-large-font-size\">VIERNES Y SABADO <strong>Main Party<\/strong><\/p>\n\n\n<div class=\"wp-block-image\">\n<figure class=\"aligncenter size-full\"><a href=\"https:\/\/sitgesbalboabeach.com\/wp-content\/uploads\/2025\/10\/SBB2026-music-The-shirt-tail-stompers-1.jpg\"><img decoding=\"async\" loading=\"lazy\" width=\"800\" height=\"800\" src=\"https:\/\/sitgesbalboabeach.com\/wp-content\/uploads\/2025\/10\/SBB2026-music-The-shirt-tail-stompers-1.jpg\" alt=\"\" class=\"wp-image-6665\" srcset=\"https:\/\/sitgesbalboabeach.com\/wp-content\/uploads\/2025\/10\/SBB2026-music-The-shirt-tail-stompers-1.jpg 800w, https:\/\/sitgesbalboabeach.com\/wp-content\/uploads\/2025\/10\/SBB2026-music-The-shirt-tail-stompers-1-300x300.jpg 300w, https:\/\/sitgesbalboabeach.com\/wp-content\/uploads\/2025\/10\/SBB2026-music-The-shirt-tail-stompers-1-150x150.jpg 150w, https:\/\/sitgesbalboabeach.com\/wp-content\/uploads\/2025\/10\/SBB2026-music-The-shirt-tail-stompers-1-768x768.jpg 768w, https:\/\/sitgesbalboabeach.com\/wp-content\/uploads\/2025\/10\/SBB2026-music-The-shirt-tail-stompers-1-75x75.jpg 75w, https:\/\/sitgesbalboabeach.com\/wp-content\/uploads\/2025\/10\/SBB2026-music-The-shirt-tail-stompers-1-500x500.jpg 500w\" sizes=\"(max-width: 800px) 100vw, 800px\" \/><\/a><\/figure><\/div>\n\n\n<p class=\"has-text-align-center has-large-font-size\">DOMINGO <strong>Welcome Party<\/strong><\/p>\n\n\n<div class=\"wp-block-image\">\n<figure class=\"aligncenter size-full\"><a href=\"https:\/\/sitgesbalboabeach.com\/wp-content\/uploads\/2025\/10\/SBB2026-music-Pol-prats2.jpg\"><img decoding=\"async\" loading=\"lazy\" width=\"800\" height=\"800\" src=\"https:\/\/sitgesbalboabeach.com\/wp-content\/uploads\/2025\/10\/SBB2026-music-Pol-prats2.jpg\" alt=\"\" class=\"wp-image-6628\" srcset=\"https:\/\/sitgesbalboabeach.com\/wp-content\/uploads\/2025\/10\/SBB2026-music-Pol-prats2.jpg 800w, https:\/\/sitgesbalboabeach.com\/wp-content\/uploads\/2025\/10\/SBB2026-music-Pol-prats2-300x300.jpg 300w, https:\/\/sitgesbalboabeach.com\/wp-content\/uploads\/2025\/10\/SBB2026-music-Pol-prats2-150x150.jpg 150w, https:\/\/sitgesbalboabeach.com\/wp-content\/uploads\/2025\/10\/SBB2026-music-Pol-prats2-768x768.jpg 768w, https:\/\/sitgesbalboabeach.com\/wp-content\/uploads\/2025\/10\/SBB2026-music-Pol-prats2-75x75.jpg 75w, https:\/\/sitgesbalboabeach.com\/wp-content\/uploads\/2025\/10\/SBB2026-music-Pol-prats2-500x500.jpg 500w\" sizes=\"(max-width: 800px) 100vw, 800px\" \/><\/a><\/figure><\/div><\/blockquote>\n\n\n\n<div class=\"wp-block-columns is-layout-flex wp-container-2\">\n<div class=\"wp-block-column is-layout-flow\">\n<blockquote class=\"wp-block-quote\">\n<p><\/p>\n<\/blockquote>\n\n\n\n<blockquote class=\"wp-block-quote\">\n<p><\/p>\n<\/blockquote>\n<\/div>\n<\/div>\n\n\n<div id=\"awsm-team-6476\" class=\"awsm-grid-wrapper\">\n\t\t\n\t\t\t<div class=\"awsm-grid grid-style style-1 grid-4-col \">\n\t\t\t\t\t\t<div id=\"awsm-member-6476-6635\" class=\"awsm-grid-card awsm-team-item awsm-scale-anm awsm-all\" >\n\t\t\t\t   <figure>\n\t\t\t\t\t <img width=\"500\" height=\"500\" src=\"https:\/\/sitgesbalboabeach.com\/wp-content\/uploads\/2025\/10\/DJ-BOBBY-1-500x500.jpg\" class=\"attachment-awsm_team size-awsm_team wp-post-image\" alt=\"\" decoding=\"async\" loading=\"lazy\" \/>\t\t\t\t\t\t <figcaption>\n\t\t\t\t\t\t\t<div class=\"awsm-personal-info\"><h3>DJ BOBBY<\/h3><span><\/span><\/div>\n\t\t\t\t\t\t\t<div class=\"awsm-contact-info\">\n\t\t\t\t\t\t\t\t\t\t\t\t\t\t<\/div>\n\t\t\t\t\t\t <\/figcaption>\n\t\t\t\t   <\/figure>\n\t\t\t\t<\/div>\n\t\t\t\t\t\t\t<div id=\"awsm-member-6476-2796\" class=\"awsm-grid-card awsm-team-item awsm-scale-anm awsm-all\" >\n\t\t\t\t   <figure>\n\t\t\t\t\t <img width=\"500\" height=\"500\" src=\"https:\/\/sitgesbalboabeach.com\/wp-content\/uploads\/2019\/11\/dj-manel-500x500.jpg\" class=\"attachment-awsm_team size-awsm_team wp-post-image\" alt=\"\" decoding=\"async\" loading=\"lazy\" \/>\t\t\t\t\t\t <figcaption>\n\t\t\t\t\t\t\t<div class=\"awsm-personal-info\"><h3>DJ MANEL<\/h3><span><\/span><\/div>\n\t\t\t\t\t\t\t<div class=\"awsm-contact-info\">\n\t\t\t\t\t\t\t\t\t\t\t\t\t\t<\/div>\n\t\t\t\t\t\t <\/figcaption>\n\t\t\t\t   <\/figure>\n\t\t\t\t<\/div>\n\t\t\t\t\t\t\t<div id=\"awsm-member-6476-6462\" class=\"awsm-grid-card awsm-team-item awsm-scale-anm awsm-all\" >\n\t\t\t\t   <figure>\n\t\t\t\t\t <img width=\"500\" height=\"500\" src=\"https:\/\/sitgesbalboabeach.com\/wp-content\/uploads\/2025\/03\/dj-marina-500x500.jpg\" class=\"attachment-awsm_team size-awsm_team wp-post-image\" alt=\"\" decoding=\"async\" loading=\"lazy\" \/>\t\t\t\t\t\t <figcaption>\n\t\t\t\t\t\t\t<div class=\"awsm-personal-info\"><h3>DJ MARINA<\/h3><span><\/span><\/div>\n\t\t\t\t\t\t\t<div class=\"awsm-contact-info\">\n\t\t\t\t\t\t\t\t\t\t\t\t\t\t<\/div>\n\t\t\t\t\t\t <\/figcaption>\n\t\t\t\t   <\/figure>\n\t\t\t\t<\/div>\n\t\t\t\t\t\t\t<div id=\"awsm-member-6476-6468\" class=\"awsm-grid-card awsm-team-item awsm-scale-anm awsm-all\" >\n\t\t\t\t   <figure>\n\t\t\t\t\t <img width=\"340\" height=\"340\" src=\"https:\/\/sitgesbalboabeach.com\/wp-content\/uploads\/2025\/03\/dj-victor.jpg\" class=\"attachment-awsm_team size-awsm_team wp-post-image\" alt=\"\" decoding=\"async\" loading=\"lazy\" \/>\t\t\t\t\t\t <figcaption>\n\t\t\t\t\t\t\t<div class=\"awsm-personal-info\"><h3>DJ VICTOR<\/h3><span><\/span><\/div>\n\t\t\t\t\t\t\t<div class=\"awsm-contact-info\">\n\t\t\t\t\t\t\t\t\t\t\t\t\t\t<\/div>\n\t\t\t\t\t\t <\/figcaption>\n\t\t\t\t   <\/figure>\n\t\t\t\t<\/div>\n\t\t\t\t\t<\/div>\n\t<\/div>\n\n","protected":false},"excerpt":{"rendered":"<p>M\u00fasica en Vivo en el Festival de Balboa Disfruta de cuatro noches de m\u00fasica en directo&nbsp;con bandas especializadas en swing y jazz, creando el ambiente perfecto para bailar Balboa. Con un repertorio que va desde los cl\u00e1sicos del swing hasta temas ideales para el ritmo r\u00e1pido y fluido del Balboa, cada noche promete una experiencia inolvidable en la pista. \u00a1D\u00e9jate llevar por la energ\u00eda del jazz en vivo y sum\u00e9rgete en el aut\u00e9ntico esp\u00edritu del Balboa en nuestro festival!<\/p>\n","protected":false},"author":2,"featured_media":0,"parent":0,"menu_order":0,"comment_status":"closed","ping_status":"closed","template":"","meta":[],"acf":[],"_links":{"self":[{"href":"https:\/\/sitgesbalboabeach.com\/es\/wp-json\/wp\/v2\/pages\/5193"}],"collection":[{"href":"https:\/\/sitgesbalboabeach.com\/es\/wp-json\/wp\/v2\/pages"}],"about":[{"href":"https:\/\/sitgesbalboabeach.com\/es\/wp-json\/wp\/v2\/types\/page"}],"author":[{"embeddable":true,"href":"https:\/\/sitgesbalboabeach.com\/es\/wp-json\/wp\/v2\/users\/2"}],"replies":[{"embeddable":true,"href":"https:\/\/sitgesbalboabeach.com\/es\/wp-json\/wp\/v2\/comments?post=5193"}],"version-history":[{"count":75,"href":"https:\/\/sitgesbalboabeach.com\/es\/wp-json\/wp\/v2\/pages\/5193\/revisions"}],"predecessor-version":[{"id":6743,"href":"https:\/\/sitgesbalboabeach.com\/es\/wp-json\/wp\/v2\/pages\/5193\/revisions\/6743"}],"wp:attachment":[{"href":"https:\/\/sitgesbalboabeach.com\/es\/wp-json\/wp\/v2\/media?parent=5193"}],"curies":[{"name":"wp","href":"https:\/\/api.w.org\/{rel}","templated":true}]}}